{"id":79,"date":"2024-04-16T10:42:08","date_gmt":"2024-04-16T08:42:08","guid":{"rendered":"http:\/\/blumlein.net\/mobile\/?page_id=79"},"modified":"2024-04-16T10:47:29","modified_gmt":"2024-04-16T08:47:29","slug":"goldener-bobby-2014","status":"publish","type":"page","link":"http:\/\/blumlein.net\/mobile\/?page_id=79","title":{"rendered":"Goldener Bobby 2014"},"content":{"rendered":"\n<p>Buy the video at <a href=\"https:\/\/app.purple.is\/?e=blumleinrecords\" target=\"_blank\" rel=\"noreferrer noopener\">purple<\/a>.<\/p>\n\n\n\n<figure class=\"wp-block-image size-large\"><a href=\"http:\/\/blumlein.net\/mobile\/wp-content\/uploads\/2018\/06\/Andrew-Bobby.jpg\"><img loading=\"lazy\" decoding=\"async\" width=\"745\" height=\"1024\" src=\"http:\/\/blumlein.net\/mobile\/wp-content\/uploads\/2018\/06\/Andrew-Bobby-745x1024.jpg\" alt=\"\" class=\"wp-image-9\" srcset=\"http:\/\/blumlein.net\/mobile\/wp-content\/uploads\/2018\/06\/Andrew-Bobby-745x1024.jpg 745w, http:\/\/blumlein.net\/mobile\/wp-content\/uploads\/2018\/06\/Andrew-Bobby-218x300.jpg 218w, http:\/\/blumlein.net\/mobile\/wp-content\/uploads\/2018\/06\/Andrew-Bobby-768x1055.jpg 768w, http:\/\/blumlein.net\/mobile\/wp-content\/uploads\/2018\/06\/Andrew-Bobby.jpg 1322w\" sizes=\"auto, (max-width: 706px) 89vw, (max-width: 767px) 82vw, 740px\" \/><\/a><\/figure>\n\n\n\n<p>In 2014 Andrew received the&nbsp;<a href=\"http:\/\/www.tonmeister.de\/index.php?p=verband\/awards\/goldener_bobby_nachwuchspreis&amp;sl=gb\">Goldener Bobby<\/a>, first prize in the category \u201cclassical \/ instrumental music\u201d for his production of the second CD of&nbsp;<a href=\"http:\/\/brac.blumlein.net\/BRAC_gb.html\" target=\"_blank\" rel=\"noreferrer noopener\">Quatuor Brac<\/a>.<\/p>\n\n\n\n<p><em>\u201cThis recording mesmerizes through the vividness of its sound, the naturalness of the timbres, the absolutely realistic imaging of the instruments in the stereo panorama.<br><br>Apart from the breathtaking directness of the sonic textures, it is fascinating to perceive the artists&#8217; perfection, free from any disturbances. The enthralling sound event clearly is the result of a deliberate configuration by the recordist. Not only did he fulfill his function as a mediator in an ideal fashion, but also skillfully created an auditory perspective that transcends the sonic boundaries of the reception of a live event in the sense of the music, creating a level of music perception only realizable by a true master of his craft.\u201d<br><\/em><br>Prof. Bernhard G\u00fcttler (ETI HFM-Detmold), Christoph Franke (Creative Producer of the Berliner Philharmoniker) and Prof. Ren\u00e9 M\u00f6ller (UDK Berlin)<\/p>\n\n\n\n<figure class=\"wp-block-image size-large\"><a href=\"http:\/\/blumlein.net\/mobile\/wp-content\/uploads\/2024\/04\/141123-Goldener-Bobby.@2014_VincentRoyer-scaled.jpg\"><img loading=\"lazy\" decoding=\"async\" width=\"1024\" height=\"1024\" src=\"http:\/\/blumlein.net\/mobile\/wp-content\/uploads\/2024\/04\/141123-Goldener-Bobby.@2014_VincentRoyer-1024x1024.jpg\" alt=\"\" class=\"wp-image-80\" srcset=\"http:\/\/blumlein.net\/mobile\/wp-content\/uploads\/2024\/04\/141123-Goldener-Bobby.@2014_VincentRoyer-1024x1024.jpg 1024w, http:\/\/blumlein.net\/mobile\/wp-content\/uploads\/2024\/04\/141123-Goldener-Bobby.@2014_VincentRoyer-300x300.jpg 300w, http:\/\/blumlein.net\/mobile\/wp-content\/uploads\/2024\/04\/141123-Goldener-Bobby.@2014_VincentRoyer-150x150.jpg 150w, http:\/\/blumlein.net\/mobile\/wp-content\/uploads\/2024\/04\/141123-Goldener-Bobby.@2014_VincentRoyer-768x768.jpg 768w, http:\/\/blumlein.net\/mobile\/wp-content\/uploads\/2024\/04\/141123-Goldener-Bobby.@2014_VincentRoyer-1536x1536.jpg 1536w, http:\/\/blumlein.net\/mobile\/wp-content\/uploads\/2024\/04\/141123-Goldener-Bobby.@2014_VincentRoyer-2048x2048.jpg 2048w, http:\/\/blumlein.net\/mobile\/wp-content\/uploads\/2024\/04\/141123-Goldener-Bobby.@2014_VincentRoyer-100x100.jpg 100w\" sizes=\"auto, (max-width: 767px) 89vw, (max-width: 1000px) 54vw, (max-width: 1071px) 543px, 580px\" \/><\/a><\/figure>\n\n\n\n<p>2014 erhielt Andrew den&nbsp;<a href=\"http:\/\/www.tonmeister.de\/index.php?p=verband\/awards\/goldener_bobby_nachwuchspreis&amp;sl=de\">Goldenen Bobby<\/a>, erster Preis in der Kategorie \u201eKlassik \/ Instrumentalmusik\u201c f\u00fcr seine Produktion der zweiten CD des&nbsp;<a href=\"http:\/\/brac.blumlein.net\/BRAC_de.html\">Quatuor Brac<\/a>.<\/p>\n\n\n\n<p><em>\u201eBei dieser Aufnahme fasziniert die Plastizit\u00e4t des Klanges, die Nat\u00fcrlichkeit der Klangfarben, die absolut realistische Abbildung der Instrumente im Stereopanorama.<br><br>Neben der atemberaubenden Direktheit des erlebbaren Klanggeschehens fasziniert die perfekt wirkende Spielleistung der Interpreten, die frei von St\u00f6rungen des Musizierens realisiert wurde. Das packende Klanggeschehen ist ohrenscheinlich ein Resultat der bewussten Gestaltung des Tonmeisters, der damit nicht nur seine Funktion als medialer \u00dcbertrager von Musik idealtypisch erf\u00fcllt hat, sondern dar\u00fcber hinausgehend durch tonmeisterliche Mittel eine Klangperspektive erm\u00f6glicht, die die klanglichen Begrenzungen der Musikrezeption unter Livebedingungen im Sinne der Musik transzendiert in eine nur tonmeisterlich realisierbare Ebene der Musikwahrnehmung.\u201c<br><\/em><br>Prof. Bernhard G\u00fcttler (ETI HFM-Detmold), Christoph Franke (Creative Producer der Berliner Philharmoniker) und Prof. Ren\u00e9 M\u00f6ller (UDK Berlin)<\/p>\n","protected":false},"excerpt":{"rendered":"<p>Buy the video at purple. In 2014 Andrew received the&nbsp;Goldener Bobby, first prize in the category \u201cclassical \/ instrumental music\u201d for his production of the second CD of&nbsp;Quatuor Brac. \u201cThis recording mesmerizes through the vividness of its sound, the naturalness of the timbres, the absolutely realistic imaging of the instruments in the stereo panorama. Apart &hellip; <\/p>\n<p class=\"link-more\"><a href=\"http:\/\/blumlein.net\/mobile\/?page_id=79\" class=\"more-link\">Continue reading<span class=\"screen-reader-text\"> &#8220;Goldener Bobby 2014&#8221;<\/span><\/a><\/p>\n","protected":false},"author":1,"featured_media":0,"parent":0,"menu_order":0,"comment_status":"closed","ping_status":"closed","template":"","meta":{"footnotes":""},"class_list":["post-79","page","type-page","status-publish","hentry"],"jetpack_sharing_enabled":true,"_links":{"self":[{"href":"http:\/\/blumlein.net\/mobile\/index.php?rest_route=\/wp\/v2\/pages\/79","targetHints":{"allow":["GET"]}}],"collection":[{"href":"http:\/\/blumlein.net\/mobile\/index.php?rest_route=\/wp\/v2\/pages"}],"about":[{"href":"http:\/\/blumlein.net\/mobile\/index.php?rest_route=\/wp\/v2\/types\/page"}],"author":[{"embeddable":true,"href":"http:\/\/blumlein.net\/mobile\/index.php?rest_route=\/wp\/v2\/users\/1"}],"replies":[{"embeddable":true,"href":"http:\/\/blumlein.net\/mobile\/index.php?rest_route=%2Fwp%2Fv2%2Fcomments&post=79"}],"version-history":[{"count":2,"href":"http:\/\/blumlein.net\/mobile\/index.php?rest_route=\/wp\/v2\/pages\/79\/revisions"}],"predecessor-version":[{"id":85,"href":"http:\/\/blumlein.net\/mobile\/index.php?rest_route=\/wp\/v2\/pages\/79\/revisions\/85"}],"wp:attachment":[{"href":"http:\/\/blumlein.net\/mobile\/index.php?rest_route=%2Fwp%2Fv2%2Fmedia&parent=79"}],"curies":[{"name":"wp","href":"https:\/\/api.w.org\/{rel}","templated":true}]}}